{"id":184,"date":"2024-01-30T10:55:34","date_gmt":"2024-01-30T10:55:34","guid":{"rendered":"https:\/\/goldenrod-hedgehog-471996.hostingersite.com\/page-dechantillons\/"},"modified":"2024-03-24T15:44:14","modified_gmt":"2024-03-24T15:44:14","slug":"page-dechantillons","status":"publish","type":"page","link":"https:\/\/siegrist-projektmanagement.ch\/fr\/page-dechantillons\/","title":{"rendered":"Page d&rsquo;\u00e9chantillons"},"content":{"rendered":"<p>[et_pb_section admin_label=\u00a0\u00bbsection\u00a0\u00bb]<br \/>\n\t\t\t[et_pb_row admin_label=\u00a0\u00bbrow\u00a0\u00bb]<br \/>\n\t\t\t\t[et_pb_column type=\u00a0\u00bb4_4&Prime;][et_pb_text admin_label=\u00a0\u00bbText\u00a0\u00bb]<\/p>\n\n<p>Voici un exemple de page. C&rsquo;est diff\u00e9rent d&rsquo;un billet de blog, car il restera en un seul endroit et appara\u00eetra dans la navigation de ton site (dans la plupart des th\u00e8mes). La plupart des gens commencent par une page \u00e0 propos qui les pr\u00e9sente aux visiteurs potentiels du site. Il pourrait dire quelque chose comme \u00e7a :<\/p>\n\n<blockquote class=\"wp-block-quote is-layout-flow wp-block-quote-is-layout-flow\"><p>Bonjour ! Je suis un messager \u00e0 v\u00e9lo le jour, un acteur en herbe la nuit, et voici mon site web. Je vis \u00e0 Los Angeles, j&rsquo;ai un grand chien qui s&rsquo;appelle Jack, et j&rsquo;aime les pi\u00f1a coladas. (And gettin&rsquo; caught in the rain.)<\/p><\/blockquote>\n\n<p>&#8230;ou quelque chose comme \u00e7a :<\/p>\n\n<blockquote class=\"wp-block-quote is-layout-flow wp-block-quote-is-layout-flow\"><p>The XYZ Doohickey Company a \u00e9t\u00e9 fond\u00e9e en 1971, et a toujours fourni des doohickeys de qualit\u00e9 au public. Situ\u00e9 \u00e0 Gotham City, XYZ emploie plus de 2 000 personnes et fait toutes sortes de choses g\u00e9niales pour la communaut\u00e9 de Gotham.<\/p><\/blockquote>\n\n<p>En tant que nouvel utilisateur de WordPress, vous devez vous rendre sur <a href=\"https:\/\/siegrist-projektmanagement.ch\/wp-admin\/\">votre tableau de bord<\/a> pour supprimer cette page et cr\u00e9er de nouvelles pages pour votre contenu. Amusez-vous !<\/p>\n<p>[\/et_pb_text][\/et_pb_column]<br \/>\n\t\t\t[\/et_pb_row]<br \/>\n\t\t[\/et_pb_section]<\/p>\n","protected":false},"excerpt":{"rendered":"<p>Voici un exemple de page. C&rsquo;est diff\u00e9rent d&rsquo;un billet de blog, car il restera en un seul endroit et appara\u00eetra dans la navigation de ton site (dans la plupart des th\u00e8mes). La plupart des gens commencent par une page \u00e0 propos qui les pr\u00e9sente aux visiteurs potentiels du site. Il pourrait dire quelque chose comme [&hellip;]<\/p>\n","protected":false},"author":1,"featured_media":0,"parent":0,"menu_order":0,"comment_status":"closed","ping_status":"open","template":"","meta":{"_et_pb_use_builder":"on","_et_pb_old_content":"","_et_gb_content_width":"","footnotes":""},"class_list":["post-184","page","type-page","status-publish","hentry"],"_links":{"self":[{"href":"https:\/\/siegrist-projektmanagement.ch\/fr\/wp-json\/wp\/v2\/pages\/184","targetHints":{"allow":["GET"]}}],"collection":[{"href":"https:\/\/siegrist-projektmanagement.ch\/fr\/wp-json\/wp\/v2\/pages"}],"about":[{"href":"https:\/\/siegrist-projektmanagement.ch\/fr\/wp-json\/wp\/v2\/types\/page"}],"author":[{"embeddable":true,"href":"https:\/\/siegrist-projektmanagement.ch\/fr\/wp-json\/wp\/v2\/users\/1"}],"replies":[{"embeddable":true,"href":"https:\/\/siegrist-projektmanagement.ch\/fr\/wp-json\/wp\/v2\/comments?post=184"}],"version-history":[{"count":1,"href":"https:\/\/siegrist-projektmanagement.ch\/fr\/wp-json\/wp\/v2\/pages\/184\/revisions"}],"predecessor-version":[{"id":186,"href":"https:\/\/siegrist-projektmanagement.ch\/fr\/wp-json\/wp\/v2\/pages\/184\/revisions\/186"}],"wp:attachment":[{"href":"https:\/\/siegrist-projektmanagement.ch\/fr\/wp-json\/wp\/v2\/media?parent=184"}],"curies":[{"name":"wp","href":"https:\/\/api.w.org\/{rel}","templated":true}]}}